{"id":1011,"date":"2026-01-23T14:25:18","date_gmt":"2026-01-23T14:25:18","guid":{"rendered":"https:\/\/bastamira.ba\/ideja\/"},"modified":"2026-04-19T20:36:53","modified_gmt":"2026-04-19T20:36:53","slug":"ideja","status":"publish","type":"page","link":"https:\/\/bastamira.ba\/bs\/ideja\/","title":{"rendered":"Ideja"},"content":{"rendered":"<p>[et_pb_section fb_built=&#8221;1&#8243; _builder_version=&#8221;4.27.6&#8243; _module_preset=&#8221;default&#8221; background_enable_color=&#8221;off&#8221; use_background_color_gradient=&#8221;on&#8221; background_color_gradient_type=&#8221;circular&#8221; background_color_gradient_stops=&#8221;rgba(0,0,0,0.19) 42%|rgba(0,0,0,0) 65%&#8221; background_color_gradient_overlays_image=&#8221;on&#8221; background_image=&#8221;https:\/\/bastamira.ba\/wp-content\/uploads\/2026\/03\/IMG-20241203-WA0093.jpg&#8221; height=&#8221;60vh&#8221; height_tablet=&#8221;100%&#8221; height_phone=&#8221;100%&#8221; height_last_edited=&#8221;on|tablet&#8221; custom_padding=&#8221;5vw||5vw||true|false&#8221; hover_enabled=&#8221;0&#8243; custom_css_main_element=&#8221;display: flex;||flex-direction: column;||align-items: center;||text-align: center;&#8221; global_colors_info=&#8221;{}&#8221; title_text=&#8221;IMG-20241203-WA0093&#8243; sticky_enabled=&#8221;0&#8243;][et_pb_row _builder_version=&#8221;4.27.4&#8243; _module_preset=&#8221;default&#8221; global_colors_info=&#8221;{}&#8221;][et_pb_column type=&#8221;4_4&#8243; _builder_version=&#8221;4.27.4&#8243; _module_preset=&#8221;default&#8221; global_colors_info=&#8221;{}&#8221;][et_pb_text _builder_version=&#8221;4.27.4&#8243; _module_preset=&#8221;default&#8221; header_text_align=&#8221;center&#8221; header_text_color=&#8221;#FFFFFF&#8221; background_enable_color=&#8221;off&#8221; width=&#8221;70%&#8221; width_tablet=&#8221;100%&#8221; width_phone=&#8221;100%&#8221; width_last_edited=&#8221;on|tablet&#8221; module_alignment=&#8221;center&#8221; custom_margin=&#8221;||15px||false|false&#8221; global_colors_info=&#8221;{}&#8221;]<\/p>\n<h1>Ideja<\/h1>\n<p>[\/et_pb_text][\/et_pb_column][\/et_pb_row][\/et_pb_section][et_pb_section fb_built=&#8221;1&#8243; _builder_version=&#8221;4.27.6&#8243; _module_preset=&#8221;default&#8221; background_color=&#8221;#F7F2E8&#8243; global_colors_info=&#8221;{}&#8221;][et_pb_row column_structure=&#8221;1_2,1_2&#8243; _builder_version=&#8221;4.27.6&#8243; _module_preset=&#8221;default&#8221; global_colors_info=&#8221;{}&#8221;][et_pb_column type=&#8221;1_2&#8243; _builder_version=&#8221;4.27.6&#8243; _module_preset=&#8221;default&#8221; global_colors_info=&#8221;{}&#8221;][et_pb_text _builder_version=&#8221;4.27.6&#8243; _module_preset=&#8221;default&#8221; header_3_text_color=&#8221;#009697&#8243; custom_margin=&#8221;||16px|||&#8221; global_colors_info=&#8221;{}&#8221;]<\/p>\n<h2>Mjesto susreta i rad na miru<\/h2>\n<p>[\/et_pb_text][et_pb_text _builder_version=&#8221;4.27.6&#8243; _module_preset=&#8221;default&#8221; global_colors_info=&#8221;{}&#8221;]Ba\u0161ta mira \u2013 Friedensgarten je fondacija osnovana 2023. godine u Sarajevu, koja razvija i upravlja kulturnim centrom u Visokom, u blizini bosanskih piramida. Fokus rada je na iskustvenoj pedagogiji, putovanjima za mlade, seminarima, te biodinami\u010dkoj poljoprivredi u kombinaciji s permakulturom. <span> <\/span><a class=\"text-primary hover:underline font-medium\" href=\"https:\/\/bastamira.ba\/friedensarbeit\/\">aktivni rad na miru<\/a>, izgradnja \u017eivahne zajednice te svjestan, alternativni turizam \u0107e oblikovati ovo mjesto.<\/p>\n<p class=\"text-muted-foreground leading-relaxed\">Cilj je stvoriti \u017eivahni socijalni i ekolo\u0161ki organizam u kojem razli\u010dite oblasti djeluju u harmoni\u010dnoj ravnote\u017ei i me\u0111usobno se osna\u017euju. Odr\u017eivo i pravedno poslovanje, slobodan duhovni \u017eivot kroz obrazovanje i u\u010denje, te kultura dogovora i me\u0111usobnog po\u0161tovanja \u010dine temelj za miran su\u017eivot. <\/p>\n<p>[\/et_pb_text][\/et_pb_column][et_pb_column type=&#8221;1_2&#8243; _builder_version=&#8221;4.27.6&#8243; _module_preset=&#8221;default&#8221; global_colors_info=&#8221;{}&#8221;][et_pb_text _builder_version=&#8221;4.27.6&#8243; _module_preset=&#8221;default&#8221; custom_margin=&#8221;||18px|||&#8221; global_colors_info=&#8221;{}&#8221;]<\/p>\n<p class=\"text-muted-foreground leading-relaxed\">Ovaj poduhvat po\u010diva na duhovnom pogledu na svijet koji se zasniva na bogatstvu spoznaja antropozofije. Rudolf Steiner je ovu duhovnu nauku po\u010detkom 20. vijeka na sveobuhvatan na\u010din u\u010dinio dostupnom \u010dovje\u010danstvu. <\/p>\n<p class=\"text-muted-foreground leading-relaxed\">Biodinami\u010dka poljoprivreda, koja po\u010diva na svjesnoj saradnji sa silama prirode i kosmosa, antropozofska medicina, kao i svjetski pokret Valdorfske pedagogije sa svojim \u0161kolama i vrti\u0107ima, primjeri su dalekose\u017enog kulturnog uticaja ovih impulsa.<\/p>\n<p>[\/et_pb_text][et_pb_text _builder_version=&#8221;4.27.6&#8243; _module_preset=&#8221;default&#8221; text_font=&#8221;||on||||||&#8221; text_text_color=&#8221;#009697&#8243; custom_margin=&#8221;||21px|||&#8221; global_colors_info=&#8221;{}&#8221;]U sredi\u0161tu svega stoji svijest o tome da se ljudsko bi\u0107e sastoji od duha, du\u0161e i tijela.[\/et_pb_text][et_pb_text _builder_version=&#8221;4.27.6&#8243; _module_preset=&#8221;default&#8221; global_colors_info=&#8221;{}&#8221;]Iz ovakvog holisti\u010dkog razumijevanja ljudskog bi\u0107a i iz ljubavlju ispunjene povezanosti s \u010dovjekom, zemljom i kosmosom, ra\u0111a se odgovorno djelovanje. I na imanju Ba\u0161ta mira \u017eelimo djelovati iz takvog stava \u2013 kako bismo djelovali iscjeljuju\u0107e i oblikovali prostore za dostojanstvenu i mirnu budu\u0107nost.[\/et_pb_text][\/et_pb_column][\/et_pb_row][\/et_pb_section][et_pb_section fb_built=&#8221;1&#8243; _builder_version=&#8221;4.27.6&#8243; _module_preset=&#8221;default&#8221; background_enable_color=&#8221;off&#8221; use_background_color_gradient=&#8221;on&#8221; background_color_gradient_type=&#8221;circular&#8221; background_color_gradient_stops=&#8221;rgba(0,0,0,0) 41%|rgba(0,0,0,0) 65%&#8221; background_color_gradient_overlays_image=&#8221;on&#8221; background_image=&#8221;https:\/\/bastamira.ba\/wp-content\/uploads\/2026\/02\/20220608_103016-scaled-1.jpg&#8221; parallax=&#8221;on&#8221; parallax_method=&#8221;off&#8221; custom_padding=&#8221;9vw||9vw||true|false&#8221; background_last_edited=&#8221;on|phone&#8221; use_background_color_gradient_phone=&#8221;on&#8221; background_color_gradient_stops_phone=&#8221;rgba(0,0,0,0.29) 41%|rgba(0,0,0,0) 65%&#8221; global_colors_info=&#8221;{}&#8221;][et_pb_row _builder_version=&#8221;4.27.6&#8243; _module_preset=&#8221;default&#8221; global_colors_info=&#8221;{}&#8221;][et_pb_column type=&#8221;4_4&#8243; _builder_version=&#8221;4.27.6&#8243; _module_preset=&#8221;default&#8221; global_colors_info=&#8221;{}&#8221;][et_pb_text _builder_version=&#8221;4.27.6&#8243; _module_preset=&#8221;default&#8221; text_text_color=&#8221;#FFFFFF&#8221; text_font_size=&#8221;1.5vw&#8221; text_orientation=&#8221;center&#8221; max_width=&#8221;70%&#8221; max_width_tablet=&#8221;100%&#8221; max_width_phone=&#8221;100%&#8221; max_width_last_edited=&#8221;on|desktop&#8221; module_alignment=&#8221;center&#8221; global_colors_info=&#8221;{}&#8221;]\u201e\u010covjek nije odgovoran samo za ono \u0161to u\u010dini, nego i za ono \u0161to ne u\u010dini.\u201d <\/p>\n<p>\u2013 Laotse (3. od. 4. Jh. V. Chr.)[\/et_pb_text][\/et_pb_column][\/et_pb_row][\/et_pb_section][et_pb_section fb_built=&#8221;1&#8243; _builder_version=&#8221;4.27.6&#8243; _module_preset=&#8221;_initial&#8221; background_color=&#8221;#009697&#8243; locked=&#8221;off&#8221; global_colors_info=&#8221;{}&#8221;][et_pb_row _builder_version=&#8221;4.27.6&#8243; _module_preset=&#8221;_initial&#8221; background_enable_color=&#8221;off&#8221; border_radii=&#8221;on|15px|15px|15px|15px&#8221; locked=&#8221;off&#8221; global_colors_info=&#8221;{}&#8221;][et_pb_column type=&#8221;4_4&#8243; _builder_version=&#8221;4.27.4&#8243; _module_preset=&#8221;default&#8221; global_colors_info=&#8221;{}&#8221;][et_pb_text _builder_version=&#8221;4.27.6&#8243; _module_preset=&#8221;_initial&#8221; header_2_text_color=&#8221;#FFFFFF&#8221; header_2_font_size=&#8221;3vw&#8221; text_orientation=&#8221;center&#8221; module_alignment=&#8221;center&#8221; custom_margin=&#8221;||10px||false|false&#8221; global_colors_info=&#8221;{}&#8221;]<\/p>\n<h2>Postanite dio na\u0161e zajednice<br \/>\n<\/h2>\n<p>[\/et_pb_text][et_pb_text _builder_version=&#8221;4.27.6&#8243; _module_preset=&#8221;_initial&#8221; text_text_color=&#8221;#FFFFFF&#8221; text_orientation=&#8221;center&#8221; max_width=&#8221;40vw&#8221; max_width_tablet=&#8221;100%&#8221; max_width_phone=&#8221;100%&#8221; max_width_last_edited=&#8221;on|tablet&#8221; module_alignment=&#8221;center&#8221; custom_margin=&#8221;||40px||false|false&#8221; locked=&#8221;off&#8221; global_colors_info=&#8221;{}&#8221;]Bilo da se radi o \u0161kolskom izletu, putovanju za mlade ili volonterskom radu \u2013 postoji mnogo na\u010dina da se uklju\u010dite u &#8220;Zajedno \u017eivjeti&#8221;.[\/et_pb_text][dsm_button button_one_text=&#8221;Kontaktirajte nas&#8221; button_one_url=&#8221;https:\/\/bastamira.ba\/kontakt\/&#8221; button_two_text=&#8221;Na\u0161e aktivnosti&#8221; button_two_url=&#8221;@ET-DC@eyJkeW5hbWljIjp0cnVlLCJjb250ZW50IjoicG9zdF9saW5rX3VybF9wYWdlIiwic2V0dGluZ3MiOnsicG9zdF9pZCI6IjI5IiwiZW5hYmxlX2h0bWwiOiJvZmYifX0=@&#8221; button_alignment=&#8221;center&#8221; _builder_version=&#8221;4.27.6&#8243; _dynamic_attributes=&#8221;button_two_url&#8221; _module_preset=&#8221;_initial&#8221; button_one_text_color=&#8221;#2B2419&#8243; button_one_bg_color=&#8221;#FFFFFF&#8221; button_one_border_width=&#8221;2px&#8221; button_one_icon=&#8221;&#x24;||divi||400&#8243; button_one_on_hover=&#8221;off&#8221; button_one_custom_padding=&#8221;12px|60px|12px|40px|true|false&#8221; button_two_text_color=&#8221;#2B2419&#8243; button_two_bg_color=&#8221;#FFFFFF&#8221; button_two_border_width=&#8221;2px&#8221; button_two_border_color=&#8221;#FFFFFF&#8221; button_two_icon=&#8221;&#x24;||divi||400&#8243; button_two_on_hover=&#8221;off&#8221; button_two_custom_margin_tablet=&#8221;&#8221; button_two_custom_margin_phone=&#8221;|||0px|false|false&#8221; button_two_custom_margin_last_edited=&#8221;on|phone&#8221; button_two_custom_padding=&#8221;12px|60px|12px|40px|true|false&#8221; locked=&#8221;off&#8221; global_colors_info=&#8221;{}&#8221; button_two_bg_color__hover_enabled=&#8221;on|hover&#8221; button_two_bg_color__hover=&#8221;RGBA(255,255,255,0)&#8221; button_two_bg_enable_color__hover=&#8221;on&#8221; button_two_border_color__hover_enabled=&#8221;on|desktop&#8221; button_two_text_color__hover=&#8221;#FFFFFF&#8221; button_two_text_color__hover_enabled=&#8221;on|hover&#8221; button_two_border_color__hover=&#8221;#FFFFFF&#8221; button_one_text_color__hover_enabled=&#8221;on|hover&#8221; button_one_text_color__hover=&#8221;#FFFFFF&#8221; button_one_bg_color__hover_enabled=&#8221;on|hover&#8221; button_one_bg_color__hover=&#8221;RGBA(255,255,255,0)&#8221; button_one_bg_enable_color__hover=&#8221;on&#8221; button_one_border_color__hover_enabled=&#8221;on|desktop&#8221; button_one_border_color__hover=&#8221;#FFFFFF&#8221;][\/dsm_button][\/et_pb_column][\/et_pb_row][\/et_pb_section]<\/p>\n","protected":false},"excerpt":{"rendered":"<p>IdejaMjesto susreta i rad na miruBa\u0161ta mira \u2013 Friedensgarten je fondacija osnovana 2023. godine u Sarajevu, koja razvija i upravlja kulturnim centrom u Visokom, u blizini bosanskih piramida. Fokus rada je na iskustvenoj pedagogiji, putovanjima za mlade, seminarima, te biodinami\u010dkoj poljoprivredi u kombinaciji s permakulturom. aktivni rad na miru, izgradnja \u017eivahne zajednice te svjestan, alternativni turizam \u0107e oblikovati ovo mjesto. Cilj je stvoriti \u017eivahni socijalni i ekolo\u0161ki organizam u kojem razli\u010dite oblasti djeluju u harmoni\u010dnoj ravnote\u017ei i me\u0111usobno se osna\u017euju. Odr\u017eivo i pravedno poslovanje, slobodan duhovni \u017eivot kroz obrazovanje i u\u010denje, te kultura dogovora i me\u0111usobnog po\u0161tovanja \u010dine temelj za miran su\u017eivot. Ovaj poduhvat po\u010diva na duhovnom pogledu na svijet koji se zasniva na bogatstvu spoznaja antropozofije. Rudolf Steiner je ovu duhovnu nauku po\u010detkom 20. vijeka na sveobuhvatan na\u010din u\u010dinio dostupnom \u010dovje\u010danstvu. Biodinami\u010dka poljoprivreda, koja po\u010diva na svjesnoj saradnji sa silama prirode i kosmosa, antropozofska medicina, kao i svjetski pokret Valdorfske pedagogije sa svojim \u0161kolama i vrti\u0107ima, primjeri su dalekose\u017enog kulturnog uticaja ovih impulsa.U sredi\u0161tu svega stoji svijest o tome da se ljudsko bi\u0107e sastoji od duha, du\u0161e i tijela.Iz ovakvog holisti\u010dkog razumijevanja ljudskog bi\u0107a i iz ljubavlju ispunjene povezanosti s \u010dovjekom, zemljom i kosmosom, ra\u0111a se odgovorno djelovanje. I [&hellip;]<\/p>\n","protected":false},"author":1,"featured_media":0,"parent":0,"menu_order":0,"comment_status":"closed","ping_status":"closed","template":"","meta":{"_et_pb_use_builder":"on","_et_pb_old_content":"","_et_gb_content_width":"","footnotes":""},"class_list":["post-1011","page","type-page","status-publish","hentry"],"_links":{"self":[{"href":"https:\/\/bastamira.ba\/bs\/wp-json\/wp\/v2\/pages\/1011","targetHints":{"allow":["GET"]}}],"collection":[{"href":"https:\/\/bastamira.ba\/bs\/wp-json\/wp\/v2\/pages"}],"about":[{"href":"https:\/\/bastamira.ba\/bs\/wp-json\/wp\/v2\/types\/page"}],"author":[{"embeddable":true,"href":"https:\/\/bastamira.ba\/bs\/wp-json\/wp\/v2\/users\/1"}],"replies":[{"embeddable":true,"href":"https:\/\/bastamira.ba\/bs\/wp-json\/wp\/v2\/comments?post=1011"}],"version-history":[{"count":2,"href":"https:\/\/bastamira.ba\/bs\/wp-json\/wp\/v2\/pages\/1011\/revisions"}],"predecessor-version":[{"id":1013,"href":"https:\/\/bastamira.ba\/bs\/wp-json\/wp\/v2\/pages\/1011\/revisions\/1013"}],"wp:attachment":[{"href":"https:\/\/bastamira.ba\/bs\/wp-json\/wp\/v2\/media?parent=1011"}],"curies":[{"name":"wp","href":"https:\/\/api.w.org\/{rel}","templated":true}]}}