{"id":1064,"date":"2026-03-11T18:31:12","date_gmt":"2026-03-11T18:31:12","guid":{"rendered":"https:\/\/bastamira.ba\/seminar-i-kuca-za-goste\/"},"modified":"2026-04-20T07:21:49","modified_gmt":"2026-04-20T07:21:49","slug":"seminar-i-kuca-za-goste","status":"publish","type":"page","link":"https:\/\/bastamira.ba\/bs\/seminar-i-kuca-za-goste\/","title":{"rendered":"Seminar i ku\u0107a za goste"},"content":{"rendered":"<p>[et_pb_section fb_built=&#8221;1&#8243; _builder_version=&#8221;4.27.6&#8243; _module_preset=&#8221;default&#8221; background_enable_color=&#8221;off&#8221; use_background_color_gradient=&#8221;on&#8221; background_color_gradient_type=&#8221;circular&#8221; background_color_gradient_stops=&#8221;rgba(0,0,0,0.31) 0%|rgba(255,255,255,0) 100%&#8221; background_color_gradient_overlays_image=&#8221;on&#8221; background_image=&#8221;https:\/\/bastamira.ba\/wp-content\/uploads\/2026\/03\/Ausblick-am-Mittag.jpg&#8221; custom_padding=&#8221;7vw||7vw||true|false&#8221; custom_padding_phone=&#8221;25px||25px||true|false&#8221; global_colors_info=&#8221;{}&#8221;][et_pb_row _builder_version=&#8221;4.27.4&#8243; _module_preset=&#8221;default&#8221; global_colors_info=&#8221;{}&#8221;][et_pb_column type=&#8221;4_4&#8243; _builder_version=&#8221;4.27.4&#8243; _module_preset=&#8221;default&#8221; global_colors_info=&#8221;{}&#8221;][et_pb_text _builder_version=&#8221;4.27.6&#8243; _module_preset=&#8221;default&#8221; header_text_align=&#8221;center&#8221; header_text_color=&#8221;#FFFFFF&#8221; background_enable_color=&#8221;off&#8221; width=&#8221;70%&#8221; width_tablet=&#8221;100%&#8221; width_phone=&#8221;100%&#8221; width_last_edited=&#8221;on|tablet&#8221; module_alignment=&#8221;center&#8221; custom_margin=&#8221;||9px||false|false&#8221; global_colors_info=&#8221;{}&#8221;]<\/p>\n<h1>Seminar and guesthouse<\/h1>\n<p>[\/et_pb_text][\/et_pb_column][\/et_pb_row][\/et_pb_section][et_pb_section fb_built=&#8221;1&#8243; _builder_version=&#8221;4.27.6&#8243; _module_preset=&#8221;default&#8221; background_color=&#8221;#F7F2E8&#8243; hover_enabled=&#8221;0&#8243; global_colors_info=&#8221;{}&#8221; sticky_enabled=&#8221;0&#8243;][et_pb_row _builder_version=&#8221;4.27.4&#8243; _module_preset=&#8221;default&#8221; global_colors_info=&#8221;{}&#8221;][et_pb_column type=&#8221;4_4&#8243; _builder_version=&#8221;4.27.4&#8243; _module_preset=&#8221;default&#8221; global_colors_info=&#8221;{}&#8221;][et_pb_text _builder_version=&#8221;4.27.6&#8243; _module_preset=&#8221;default&#8221; text_font_size=&#8221;1.5vw&#8221; text_orientation=&#8221;center&#8221; width=&#8221;70%&#8221; width_tablet=&#8221;100%&#8221; width_phone=&#8221;100%&#8221; width_last_edited=&#8221;on|tablet&#8221; module_alignment=&#8221;center&#8221; text_font_size_tablet=&#8221;20px&#8221; text_font_size_phone=&#8221;18px&#8221; text_font_size_last_edited=&#8221;on|desktop&#8221; global_colors_info=&#8221;{}&#8221;]Mjesto mira, prostranstva i susreta \u2013 za seminare, male grupe ili li\u010dni predah.[\/et_pb_text][\/et_pb_column][\/et_pb_row][\/et_pb_section][et_pb_section fb_built=&#8221;1&#8243; _builder_version=&#8221;4.27.6&#8243; _module_preset=&#8221;default&#8221; background_color=&#8221;#F4EDE0&#8243; hover_enabled=&#8221;0&#8243; global_colors_info=&#8221;{}&#8221; sticky_enabled=&#8221;0&#8243;][et_pb_row _builder_version=&#8221;4.27.6&#8243; _module_preset=&#8221;default&#8221; custom_padding=&#8221;||8px|||&#8221; global_colors_info=&#8221;{}&#8221;][et_pb_column type=&#8221;4_4&#8243; _builder_version=&#8221;4.27.6&#8243; _module_preset=&#8221;default&#8221; global_colors_info=&#8221;{}&#8221;][et_pb_text _builder_version=&#8221;4.27.6&#8243; _module_preset=&#8221;default&#8221; header_2_text_align=&#8221;center&#8221; text_orientation=&#8221;center&#8221; max_width=&#8221;900px&#8221; module_alignment=&#8221;center&#8221; global_colors_info=&#8221;{}&#8221;]<\/p>\n<h2 class=\"text-3xl md:text-4xl font-bold text-foreground mb-8 text-center\">Terasa i pogled<br \/>\n<\/h2>\n<p>Seminar i ku\u0107a za goste nalazi se na prelijepom imanju na brdu \u2013 mjestu mira, prostranstva i susreta. Ko ovdje stigne, brzo osjeti kako svakodnevica usporava i nastaje prostor da se ponovo pove\u017ee sa sobom.<\/p>\n<p><\/p>\n<p>Terasa sa svojim \u0161irokim pogledom na krajolik poziva da zastanete, duboko udahnete i u\u017eivate u ljepoti prirode. Ovdje misli mogu prona\u0107i mir, nove ideje nastati, a du\u0161a ponovo slobodno disati.[\/et_pb_text][dggm_packerygallery gallery=&#8221;505,506,514,503,509&#8243; pg_layout=&#8221;four&#8221; tablet_view=&#8221;2&#8243; mobile_view=&#8221;2&#8243; use_lightbox=&#8221;on&#8221; overlay=&#8221;on&#8221; overlay_primary=&#8221;rgba(46,94,62,0.45)&#8221; overlay_secondary=&#8221;rgba(173,106,54,0.51)&#8221; border_anim=&#8221;on&#8221; more_btn_align=&#8221;center&#8221; spinner_color=&#8221;#009697&#8243; more_btn_bg_bgcolor=&#8221;#009697&#8243; _builder_version=&#8221;4.27.6&#8243; _module_preset=&#8221;default&#8221; more_btn_text_color=&#8221;#FFFFFF&#8221; more_btn_font_size=&#8221;18px&#8221; border_radii_item_border=&#8221;on|10px|10px|10px|10px&#8221; locked=&#8221;off&#8221; global_colors_info=&#8221;{}&#8221;][\/dggm_packerygallery][\/et_pb_column][\/et_pb_row][\/et_pb_section][et_pb_section fb_built=&#8221;1&#8243; _builder_version=&#8221;4.27.6&#8243; _module_preset=&#8221;default&#8221; background_color=&#8221;#F7F2E8&#8243; hover_enabled=&#8221;0&#8243; global_colors_info=&#8221;{}&#8221; sticky_enabled=&#8221;0&#8243;][et_pb_row column_structure=&#8221;1_4,1_4,1_2&#8243; use_custom_gutter=&#8221;on&#8221; gutter_width=&#8221;2&#8243; make_equal=&#8221;on&#8221; _builder_version=&#8221;4.27.6&#8243; _module_preset=&#8221;default&#8221; locked=&#8221;off&#8221; global_colors_info=&#8221;{}&#8221;][et_pb_column type=&#8221;1_4&#8243; _builder_version=&#8221;4.27.6&#8243; _module_preset=&#8221;default&#8221; background_image=&#8221;https:\/\/bastamira.ba\/wp-content\/uploads\/2026\/03\/Schlafraum-2.jpg&#8221; border_radii=&#8221;on|15px|15px|15px|15px&#8221; global_colors_info=&#8221;{}&#8221;][et_pb_divider show_divider=&#8221;off&#8221; _builder_version=&#8221;4.27.6&#8243; _module_preset=&#8221;default&#8221; custom_padding=&#8221;128px||128px||true|false&#8221; global_colors_info=&#8221;{}&#8221;][\/et_pb_divider][\/et_pb_column][et_pb_column type=&#8221;1_4&#8243; _builder_version=&#8221;4.27.6&#8243; _module_preset=&#8221;default&#8221; background_image=&#8221;https:\/\/bastamira.ba\/wp-content\/uploads\/2026\/03\/Kuche.jpg&#8221; border_radii=&#8221;on|15px|15px|15px|15px&#8221; global_colors_info=&#8221;{}&#8221;][et_pb_divider show_divider=&#8221;off&#8221; _builder_version=&#8221;4.27.6&#8243; _module_preset=&#8221;default&#8221; custom_padding=&#8221;128px||128px||true|false&#8221; locked=&#8221;off&#8221; global_colors_info=&#8221;{}&#8221;][\/et_pb_divider][\/et_pb_column][et_pb_column type=&#8221;1_2&#8243; _builder_version=&#8221;4.27.6&#8243; _module_preset=&#8221;default&#8221; custom_padding=&#8221;40px||40px||true|false&#8221; custom_css_main_element=&#8221;margin: auto;&#8221; global_colors_info=&#8221;{}&#8221;][et_pb_text _builder_version=&#8221;4.27.6&#8243; _module_preset=&#8221;default&#8221; custom_margin=&#8221;||17px|||&#8221; global_colors_info=&#8221;{}&#8221;]<\/p>\n<h2 class=\"text-3xl md:text-4xl font-bold text-foreground\">Rooms &amp; Amenities<\/h2>\n<p>Ku\u0107a pru\u017ea za\u0161ti\u0107en prostor za vikend seminare, male grupe ili ljude koji jednostavno tra\u017ee predah. Ukupno je na raspolaganju devet kreveta: jedna \u010detverokrevetna soba, dvije dvokrevetne sobe te jedna jednokrevetna soba.[\/et_pb_text][\/et_pb_column][\/et_pb_row][et_pb_row column_structure=&#8221;1_2,1_2&#8243; use_custom_gutter=&#8221;on&#8221; gutter_width=&#8221;2&#8243; make_equal=&#8221;on&#8221; _builder_version=&#8221;4.27.6&#8243; _module_preset=&#8221;default&#8221; locked=&#8221;off&#8221; global_colors_info=&#8221;{}&#8221; custom_css_main_element_last_edited=&#8221;on|tablet&#8221; custom_css_main_element_tablet=&#8221;        display: flex;||        flex-direction: column-reverse;&#8221; custom_css_main_element_phone=&#8221;        display: flex;||        flex-direction: column-reverse;&#8221;][et_pb_column type=&#8221;1_2&#8243; _builder_version=&#8221;4.27.6&#8243; _module_preset=&#8221;default&#8221; custom_css_main_element=&#8221;margin: auto;&#8221; global_colors_info=&#8221;{}&#8221;][et_pb_text _builder_version=&#8221;4.27.6&#8243; _module_preset=&#8221;default&#8221; custom_margin=&#8221;||17px|||&#8221; custom_margin_tablet=&#8221;40px||17px||false|false&#8221; custom_margin_phone=&#8221;40px||17px||false|false&#8221; custom_margin_last_edited=&#8221;on|tablet&#8221; global_colors_info=&#8221;{}&#8221;]<\/p>\n<h2 class=\"text-3xl md:text-4xl font-bold text-foreground\">Kampovanje<br \/><\/h2>\n<p class=\"text-lg text-muted-foreground leading-relaxed\">Za ve\u0107e grupe postoji dodatna mogu\u0107nost kori\u0161tenja obli\u017enjeg kampa. Tako se ovo mjesto mo\u017ee otvoriti i za ve\u0107e seminare i susrete.<\/p>\n<p class=\"text-lg text-muted-foreground leading-relaxed\">Sanitarni \u010dvorovi nalaze se kako u ku\u0107i, tako i u vanjskom prostoru.<\/p>\n<p>[\/et_pb_text][\/et_pb_column][et_pb_column type=&#8221;1_2&#8243; _builder_version=&#8221;4.27.6&#8243; _module_preset=&#8221;default&#8221; global_colors_info=&#8221;{}&#8221;][et_pb_image src=&#8221;https:\/\/bastamira.ba\/wp-content\/uploads\/2026\/03\/Zeltplatz.jpg&#8221; title_text=&#8221;Camping area&#8221; _builder_version=&#8221;4.27.6&#8243; _module_preset=&#8221;default&#8221; border_radii=&#8221;on|15px|15px|15px|15px&#8221; global_colors_info=&#8221;{}&#8221;][\/et_pb_image][\/et_pb_column][\/et_pb_row][\/et_pb_section][et_pb_section fb_built=&#8221;1&#8243; _builder_version=&#8221;4.27.6&#8243; _module_preset=&#8221;default&#8221; background_color=&#8221;#F4EDE0&#8243; hover_enabled=&#8221;0&#8243; global_colors_info=&#8221;{}&#8221; sticky_enabled=&#8221;0&#8243;][et_pb_row _builder_version=&#8221;4.27.6&#8243; _module_preset=&#8221;default&#8221; global_colors_info=&#8221;{}&#8221;][et_pb_column type=&#8221;4_4&#8243; _builder_version=&#8221;4.27.6&#8243; _module_preset=&#8221;default&#8221; global_colors_info=&#8221;{}&#8221;][et_pb_text _builder_version=&#8221;4.27.6&#8243; _module_preset=&#8221;default&#8221; text_orientation=&#8221;center&#8221; max_width=&#8221;900px&#8221; module_alignment=&#8221;center&#8221; global_colors_info=&#8221;{}&#8221;]Cijene boravka i ishrane odre\u0111uju se prema individualnim potrebama, veli\u010dini grupe i okviru boravka te se dogovaraju pojedina\u010dno.<br \/>Ovo mjesto se smatra prostorom za pa\u017eljive susrete, zajedni\u010dko u\u010denje i oblik putovanja koji je u skladu s \u010dovjekom, prirodom i zajednicom.[\/et_pb_text][dggm_packerygallery gallery=&#8221;507,509,503&#8243; pg_layout=&#8221;five&#8221; tablet_view=&#8221;2&#8243; mobile_view=&#8221;2&#8243; use_lightbox=&#8221;on&#8221; overlay=&#8221;on&#8221; overlay_primary=&#8221;rgba(46,94,62,0.45)&#8221; overlay_secondary=&#8221;rgba(173,106,54,0.51)&#8221; border_anim=&#8221;on&#8221; more_btn_align=&#8221;center&#8221; spinner_color=&#8221;#009697&#8243; more_btn_bg_bgcolor=&#8221;#009697&#8243; _builder_version=&#8221;4.27.6&#8243; _module_preset=&#8221;default&#8221; more_btn_text_color=&#8221;#FFFFFF&#8221; more_btn_font_size=&#8221;18px&#8221; border_radii_item_border=&#8221;on|10px|10px|10px|10px&#8221; locked=&#8221;off&#8221; global_colors_info=&#8221;{}&#8221;][\/dggm_packerygallery][\/et_pb_column][\/et_pb_row][\/et_pb_section][et_pb_section fb_built=&#8221;1&#8243; _builder_version=&#8221;4.27.6&#8243; _module_preset=&#8221;_initial&#8221; background_color=&#8221;#009697&#8243; locked=&#8221;off&#8221; global_colors_info=&#8221;{}&#8221;][et_pb_row _builder_version=&#8221;4.27.6&#8243; _module_preset=&#8221;_initial&#8221; background_enable_color=&#8221;off&#8221; border_radii=&#8221;on|15px|15px|15px|15px&#8221; locked=&#8221;off&#8221; global_colors_info=&#8221;{}&#8221;][et_pb_column type=&#8221;4_4&#8243; _builder_version=&#8221;4.27.4&#8243; _module_preset=&#8221;default&#8221; global_colors_info=&#8221;{}&#8221;][et_pb_text _builder_version=&#8221;4.27.6&#8243; _module_preset=&#8221;_initial&#8221; header_2_text_color=&#8221;#FFFFFF&#8221; header_2_font_size=&#8221;3vw&#8221; text_orientation=&#8221;center&#8221; module_alignment=&#8221;center&#8221; custom_margin=&#8221;||10px||false|false&#8221; global_colors_info=&#8221;{}&#8221;]<\/p>\n<h2>Zainteresovani?<\/h2>\n<p>[\/et_pb_text][et_pb_text _builder_version=&#8221;4.27.6&#8243; _module_preset=&#8221;_initial&#8221; text_text_color=&#8221;#FFFFFF&#8221; text_orientation=&#8221;center&#8221; max_width=&#8221;40vw&#8221; max_width_tablet=&#8221;100%&#8221; max_width_phone=&#8221;100%&#8221; max_width_last_edited=&#8221;on|tablet&#8221; module_alignment=&#8221;center&#8221; custom_margin=&#8221;||17px||false|false&#8221; locked=&#8221;off&#8221; global_colors_info=&#8221;{}&#8221;]Kontaktirajte nas \u2013 radujemo se da s vama podijelimo ovo posebno mjesto.[\/et_pb_text][dsm_button button_one_text=&#8221;Contact us&#8221; button_one_url=&#8221;@ET-DC@eyJkeW5hbWljIjp0cnVlLCJjb250ZW50IjoicG9zdF9saW5rX3VybF9wYWdlIiwic2V0dGluZ3MiOnsicG9zdF9pZCI6IjM3IiwiZW5hYmxlX2h0bWwiOiJvZmYifX0=@&#8221; button_two_url=&#8221;@ET-DC@eyJkeW5hbWljIjp0cnVlLCJjb250ZW50IjoicG9zdF9saW5rX3VybF9wYWdlIiwic2V0dGluZ3MiOnsicG9zdF9pZCI6IjI5IiwiZW5hYmxlX2h0bWwiOiJvZmYifX0=@&#8221; button_alignment=&#8221;center&#8221; _builder_version=&#8221;4.27.6&#8243; _dynamic_attributes=&#8221;button_one_url,button_two_url&#8221; _module_preset=&#8221;_initial&#8221; button_one_text_color=&#8221;#2B2419&#8243; button_one_bg_color=&#8221;#FFFFFF&#8221; button_one_border_width=&#8221;2px&#8221; button_one_icon=&#8221;&#x24;||divi||400&#8243; button_one_on_hover=&#8221;off&#8221; button_one_custom_padding=&#8221;12px|60px|12px|40px|true|false&#8221; button_two_text_color=&#8221;#2B2419&#8243; button_two_bg_color=&#8221;#FFFFFF&#8221; button_two_border_width=&#8221;2px&#8221; button_two_border_color=&#8221;#FFFFFF&#8221; button_two_icon=&#8221;&#x24;||divi||400&#8243; button_two_on_hover=&#8221;off&#8221; button_two_custom_padding=&#8221;12px|60px|12px|40px|true|false&#8221; locked=&#8221;off&#8221; global_colors_info=&#8221;{}&#8221; button_two_bg_color__hover_enabled=&#8221;on|hover&#8221; button_two_bg_color__hover=&#8221;RGBA(255,255,255,0)&#8221; button_two_bg_enable_color__hover=&#8221;on&#8221; button_two_border_color__hover_enabled=&#8221;on|desktop&#8221; button_two_text_color__hover=&#8221;#FFFFFF&#8221; button_two_text_color__hover_enabled=&#8221;on|hover&#8221; button_two_border_color__hover=&#8221;#FFFFFF&#8221; button_one_text_color__hover_enabled=&#8221;on|hover&#8221; button_one_text_color__hover=&#8221;#FFFFFF&#8221; button_one_bg_color__hover_enabled=&#8221;on|hover&#8221; button_one_bg_color__hover=&#8221;RGBA(255,255,255,0)&#8221; button_one_bg_enable_color__hover=&#8221;on&#8221; button_one_border_color__hover_enabled=&#8221;on|desktop&#8221; button_one_border_color__hover=&#8221;#FFFFFF&#8221;][\/dsm_button][\/et_pb_column][\/et_pb_row][\/et_pb_section]<\/p>\n","protected":false},"excerpt":{"rendered":"<p>Seminar and guesthouseMjesto mira, prostranstva i susreta \u2013 za seminare, male grupe ili li\u010dni predah.Terasa i pogled Seminar i ku\u0107a za goste nalazi se na prelijepom imanju na brdu \u2013 mjestu mira, prostranstva i susreta. Ko ovdje stigne, brzo osjeti kako svakodnevica usporava i nastaje prostor da se ponovo pove\u017ee sa sobom. Terasa sa svojim \u0161irokim pogledom na krajolik poziva da zastanete, duboko udahnete i u\u017eivate u ljepoti prirode. Ovdje misli mogu prona\u0107i mir, nove ideje nastati, a du\u0161a ponovo slobodno disati.<div class=\"et_pb_with_border et_pb_module dggm_packerygallery dggm_packerygallery_0\">\n\t\t\t\t\n\t\t\t\t\n\t\t\t\t\n\t\t\t\t\n\t\t\t\t\n\t\t\t\t\n\t\t\t\t<div class=\"et_pb_module_inner\">\n\t\t\t\t\t<div class=\"dg_pg_container ig_has_lightbox\" data-settings='{\"gallery\":\"505,506,514,503,509\",\"pg_layout\":\"four\",\"space_between\":\"20px\",\"show_caption\":\"off\",\"show_description\":\"off\",\"load_more\":\"off\",\"image_count\":\"4\",\"init_count\":\"6\",\"use_lightbox_content\":\"off\",\"use_lightbox\":\"on\",\"use_lightbox_download\":\"off\",\"content_reveal_caption\":\"c4-fade-up\",\"content_reveal_description\":\"c4-fade-up\",\"content_position\":\"c4-layout-top-left\",\"always_show_title\":\"off\",\"always_show_description\":\"off\",\"overlay\":\"on\",\"caption_tag\":\"h4\",\"description_tag\":\"p\",\"border_anim\":\"on\",\"border_anm_style\":\"c4-border-fade\",\"use_url\":\"off\",\"url_target\":\"same_window\",\"keep_dsk_tab\":\"off\"}'>\n                <div class=\"dg_pg_inner\">\n                    <div class=\"dg_pg_item\" data-src=\"https:\/\/bastamira.ba\/wp-content\/uploads\/2026\/03\/Ausblick-von-der-Terrasse.jpg\"  >\n                <figure class=\"c4-izmir dg_pg_image no-image-scale  has_overlay c4-border-fade\"  style=\"background-image:url(https:\/\/bastamira.ba\/wp-content\/uploads\/2026\/03\/Ausblick-von-der-Terrasse-1024x768.jpg);\">\n                    <span class=\"dg-overlay\"><\/span>\n                    <figcaption class=\"dg_pg_content c4-layout-top-left\">\n                        \n                    <\/figcaption>\n                <\/figure><\/div><div class=\"dg_pg_item\" data-src=\"https:\/\/bastamira.ba\/wp-content\/uploads\/2026\/03\/Essplatz-mit-Ausblick.jpg\"  >\n                <figure class=\"c4-izmir dg_pg_image no-image-scale  has_overlay c4-border-fade\"  style=\"background-image:url(https:\/\/bastamira.ba\/wp-content\/uploads\/2026\/03\/Essplatz-mit-Ausblick.jpg);\">\n                    <span class=\"dg-overlay\"><\/span>\n                    <figcaption class=\"dg_pg_content c4-layout-top-left\">\n                        \n                    <\/figcaption>\n                <\/figure><\/div><div class=\"dg_pg_item dg_pg_item--width-height2\" data-src=\"https:\/\/bastamira.ba\/wp-content\/uploads\/2026\/03\/Terrasse.jpg\"  >\n                <figure class=\"c4-izmir dg_pg_image no-image-scale  has_overlay c4-border-fade\"  style=\"background-image:url(https:\/\/bastamira.ba\/wp-content\/uploads\/2026\/03\/Terrasse.jpg);\">\n                    <span class=\"dg-overlay\"><\/span>\n                    <figcaption class=\"dg_pg_content c4-layout-top-left\">\n                        \n                    <\/figcaption>\n                <\/figure><\/div><div class=\"dg_pg_item\" data-src=\"https:\/\/bastamira.ba\/wp-content\/uploads\/2026\/03\/Ausblick-am-Mittag.jpg\"  >\n                <figure class=\"c4-izmir dg_pg_image no-image-scale  has_overlay c4-border-fade\"  style=\"background-image:url(https:\/\/bastamira.ba\/wp-content\/uploads\/2026\/03\/Ausblick-am-Mittag-1024x639.jpg);\">\n                    <span class=\"dg-overlay\"><\/span>\n                    <figcaption class=\"dg_pg_content c4-layout-top-left\">\n                        \n                    <\/figcaption>\n                <\/figure><\/div><div class=\"dg_pg_item\" data-src=\"https:\/\/bastamira.ba\/wp-content\/uploads\/2026\/03\/Landschaft-.jpg\"  >\n                <figure class=\"c4-izmir dg_pg_image no-image-scale  has_overlay c4-border-fade\"  style=\"background-image:url(https:\/\/bastamira.ba\/wp-content\/uploads\/2026\/03\/Landschaft-.jpg);\">\n                    <span class=\"dg-overlay\"><\/span>\n                    <figcaption class=\"dg_pg_content c4-layout-top-left\">\n                        \n                    <\/figcaption>\n                <\/figure><\/div>\n                <\/div>\n                \n            <\/div>\n\t\t\t\t<\/div>\n\t\t\t<\/div>Rooms &amp; Amenities Ku\u0107a pru\u017ea za\u0161ti\u0107en prostor za vikend seminare, male grupe ili ljude koji jednostavno tra\u017ee predah. Ukupno je na raspolaganju devet kreveta: jedna \u010detverokrevetna soba, dvije dvokrevetne sobe te jedna jednokrevetna soba.Kampovanje Za ve\u0107e grupe postoji dodatna mogu\u0107nost kori\u0161tenja obli\u017enjeg kampa. Tako se ovo mjesto mo\u017ee otvoriti i za ve\u0107e seminare i susrete. Sanitarni \u010dvorovi nalaze se kako u ku\u0107i, tako i u vanjskom prostoru.Cijene boravka i ishrane odre\u0111uju se prema individualnim potrebama, veli\u010dini grupe i okviru boravka te se dogovaraju pojedina\u010dno.Ovo mjesto se smatra prostorom za pa\u017eljive susrete, zajedni\u010dko u\u010denje i oblik putovanja koji je u skladu [&hellip;]<\/p>\n","protected":false},"author":3,"featured_media":0,"parent":0,"menu_order":0,"comment_status":"closed","ping_status":"closed","template":"","meta":{"_et_pb_use_builder":"on","_et_pb_old_content":"","_et_gb_content_width":"","footnotes":""},"class_list":["post-1064","page","type-page","status-publish","hentry"],"_links":{"self":[{"href":"https:\/\/bastamira.ba\/bs\/wp-json\/wp\/v2\/pages\/1064","targetHints":{"allow":["GET"]}}],"collection":[{"href":"https:\/\/bastamira.ba\/bs\/wp-json\/wp\/v2\/pages"}],"about":[{"href":"https:\/\/bastamira.ba\/bs\/wp-json\/wp\/v2\/types\/page"}],"author":[{"embeddable":true,"href":"https:\/\/bastamira.ba\/bs\/wp-json\/wp\/v2\/users\/3"}],"replies":[{"embeddable":true,"href":"https:\/\/bastamira.ba\/bs\/wp-json\/wp\/v2\/comments?post=1064"}],"version-history":[{"count":2,"href":"https:\/\/bastamira.ba\/bs\/wp-json\/wp\/v2\/pages\/1064\/revisions"}],"predecessor-version":[{"id":1066,"href":"https:\/\/bastamira.ba\/bs\/wp-json\/wp\/v2\/pages\/1064\/revisions\/1066"}],"wp:attachment":[{"href":"https:\/\/bastamira.ba\/bs\/wp-json\/wp\/v2\/media?parent=1064"}],"curies":[{"name":"wp","href":"https:\/\/api.w.org\/{rel}","templated":true}]}}